{"id":9834,"date":"2025-03-06T07:49:13","date_gmt":"2025-03-06T07:49:13","guid":{"rendered":"https:\/\/s4ai.rs\/en\/?page_id=9834"},"modified":"2025-03-06T07:59:35","modified_gmt":"2025-03-06T07:59:35","slug":"digital-maturity-assessment","status":"publish","type":"page","link":"https:\/\/s4ai.rs\/en\/services\/digital-maturity-assessment\/","title":{"rendered":"Digital Maturity Assessment"},"content":{"rendered":"<div class=\"wpb-content-wrapper\"><p>[vc_row gap=&#8221;20&#8243; content_placement=&#8221;middle&#8221; css=&#8221;.vc_custom_1738224607027{margin-bottom: 40px !important;}&#8221; woodmart_css_id=&#8221;679b33daa82fc&#8221; responsive_spacing=&#8221;eyJwYXJhbV90eXBlIjoid29vZG1hcnRfcmVzcG9uc2l2ZV9zcGFjaW5nIiwic2VsZWN0b3JfaWQiOiI2NzliMzNkYWE4MmZjIiwic2hvcnRjb2RlIjoidmNfcm93IiwiZGF0YSI6eyJ0YWJsZXQiOnt9LCJtb2JpbGUiOnt9fX0=&#8221; mobile_bg_img_hidden=&#8221;no&#8221; tablet_bg_img_hidden=&#8221;no&#8221; woodmart_parallax=&#8221;0&#8243; woodmart_gradient_switch=&#8221;no&#8221; woodmart_box_shadow=&#8221;no&#8221; wd_z_index=&#8221;no&#8221; woodmart_disable_overflow=&#8221;0&#8243; row_reverse_mobile=&#8221;0&#8243; row_reverse_tablet=&#8221;0&#8243;][vc_column width=&#8221;1\/3&#8243; css=&#8221;.vc_custom_1738132095828{padding-bottom: 20px !important;background-color: #F8F8F8 !important;border-radius: 10px !important;}&#8221; woodmart_css_id=&#8221;6799ca7914670&#8243; parallax_scroll=&#8221;no&#8221; woodmart_sticky_column=&#8221;false&#8221; wd_collapsible_content_switcher=&#8221;no&#8221; wd_column_role_offcanvas_desktop=&#8221;no&#8221; wd_column_role_offcanvas_tablet=&#8221;no&#8221; wd_column_role_offcanvas_mobile=&#8221;no&#8221; wd_column_role_content_desktop=&#8221;no&#8221; wd_column_role_content_tablet=&#8221;no&#8221; wd_column_role_content_mobile=&#8221;no&#8221; mobile_bg_img_hidden=&#8221;no&#8221; tablet_bg_img_hidden=&#8221;no&#8221; woodmart_parallax=&#8221;0&#8243; woodmart_box_shadow=&#8221;no&#8221; responsive_spacing=&#8221;eyJwYXJhbV90eXBlIjoid29vZG1hcnRfcmVzcG9uc2l2ZV9zcGFjaW5nIiwic2VsZWN0b3JfaWQiOiI2Nzk5Y2E3OTE0NjcwIiwic2hvcnRjb2RlIjoidmNfY29sdW1uIiwiZGF0YSI6eyJ0YWJsZXQiOnt9LCJtb2JpbGUiOnt9fX0=&#8221; mobile_reset_margin=&#8221;no&#8221; tablet_reset_margin=&#8221;no&#8221; wd_z_index=&#8221;no&#8221;]\t\t<div id=\"wd-67c95391be066\" class=\"wd-text-block wd-wpb reset-last-child wd-rs-67c95391be066 text-left wd-fontsize-custom vc_custom_1741247381387\">\n\t\t\t<p>Our tools include workshops, mentoring and development consulting in order to create a &#8220;tailor-made&#8221; approach that will perfectly suit the potential user during his journey through the digital transformation of the business.<\/p>\n\t\t<\/div>\n\t\t[\/vc_column][vc_column width=&#8221;2\/3&#8243; css=&#8221;.vc_custom_1738132057877{background-color: #FFFFFF !important;}&#8221; woodmart_css_id=&#8221;6799ca52a9ec0&#8243; parallax_scroll=&#8221;no&#8221; woodmart_sticky_column=&#8221;false&#8221; wd_collapsible_content_switcher=&#8221;no&#8221; wd_column_role_offcanvas_desktop=&#8221;no&#8221; wd_column_role_offcanvas_tablet=&#8221;no&#8221; wd_column_role_offcanvas_mobile=&#8221;no&#8221; wd_column_role_content_desktop=&#8221;no&#8221; wd_column_role_content_tablet=&#8221;no&#8221; wd_column_role_content_mobile=&#8221;no&#8221; mobile_bg_img_hidden=&#8221;no&#8221; tablet_bg_img_hidden=&#8221;no&#8221; woodmart_parallax=&#8221;0&#8243; woodmart_box_shadow=&#8221;no&#8221; responsive_spacing=&#8221;eyJwYXJhbV90eXBlIjoid29vZG1hcnRfcmVzcG9uc2l2ZV9zcGFjaW5nIiwic2VsZWN0b3JfaWQiOiI2Nzk5Y2E1MmE5ZWMwIiwic2hvcnRjb2RlIjoidmNfY29sdW1uIiwiZGF0YSI6eyJ0YWJsZXQiOnt9LCJtb2JpbGUiOnt9fX0=&#8221; mobile_reset_margin=&#8221;no&#8221; tablet_reset_margin=&#8221;no&#8221; wd_z_index=&#8221;no&#8221;]\n\t\t<div id=\"wd-679b33e10d83c\" class=\"title-wrapper wd-wpb wd-set-mb reset-last-child  wd-rs-679b33e10d83c wd-title-color-primary wd-title-style-default text-left  wd-underline-colored\">\n\t\t\t\n\t\t\t<div class=\"liner-continer\">\n\t\t\t\t<h4 class=\"woodmart-title-container title  wd-font-weight- wd-fontsize-xl\" >Digital Maturity Assessment (DMA) : <u>1200 \u20ac<\/u><\/h4>\n\t\t\t\t\t\t\t<\/div>\n\t\t\t\n\t\t\t\n\t\t\t\n\t\t<\/div>\n\t\t\n\t\t\t\t<div id=\"wd-67c95397ecc0f\" class=\"wd-text-block wd-wpb reset-last-child wd-rs-67c95397ecc0f text-left vc_custom_1741247394969\">\n\t\t\t<p><b>The amount charged to SMEs, medium-sized enterprises, startups, and public institutions: 0EUR<\/b><\/p>\n\t\t<\/div>\n\t\t[\/vc_column][\/vc_row][vc_row css=&#8221;.vc_custom_1738144413190{margin-bottom: 20px !important;}&#8221; woodmart_css_id=&#8221;6799fa97082ba&#8221; responsive_spacing=&#8221;eyJwYXJhbV90eXBlIjoid29vZG1hcnRfcmVzcG9uc2l2ZV9zcGFjaW5nIiwic2VsZWN0b3JfaWQiOiI2Nzk5ZmE5NzA4MmJhIiwic2hvcnRjb2RlIjoidmNfcm93IiwiZGF0YSI6eyJ0YWJsZXQiOnt9LCJtb2JpbGUiOnt9fX0=&#8221; mobile_bg_img_hidden=&#8221;no&#8221; tablet_bg_img_hidden=&#8221;no&#8221; woodmart_parallax=&#8221;0&#8243; woodmart_gradient_switch=&#8221;no&#8221; woodmart_box_shadow=&#8221;no&#8221; wd_z_index=&#8221;no&#8221; woodmart_disable_overflow=&#8221;0&#8243; row_reverse_mobile=&#8221;0&#8243; row_reverse_tablet=&#8221;0&#8243;][vc_column]\n\t\t<div id=\"wd-67c953a61ce63\" class=\"title-wrapper wd-wpb wd-set-mb reset-last-child  wd-rs-67c953a61ce63 wd-title-color-primary wd-title-style-simple text-center  wd-underline-colored\">\n\t\t\t\n\t\t\t<div class=\"liner-continer\">\n\t\t\t\t<h2 class=\"woodmart-title-container title  wd-font-weight- wd-fontsize-xxl\" >Detailed information on the service<\/h2>\n\t\t\t\t\t\t\t<\/div>\n\t\t\t\n\t\t\t\n\t\t\t\n\t\t<\/div>\n\t\t\n\t\t[\/vc_column][\/vc_row][vc_row gap=&#8221;10&#8243; woodmart_stretch_content=&#8221;section-stretch&#8221; css=&#8221;.vc_custom_1738144625404{padding-bottom: 40px !important;background-color: #F8F8F8 !important;}&#8221; woodmart_css_id=&#8221;6799fb6d4c0d0&#8243; responsive_spacing=&#8221;eyJwYXJhbV90eXBlIjoid29vZG1hcnRfcmVzcG9uc2l2ZV9zcGFjaW5nIiwic2VsZWN0b3JfaWQiOiI2Nzk5ZmI2ZDRjMGQwIiwic2hvcnRjb2RlIjoidmNfcm93IiwiZGF0YSI6eyJ0YWJsZXQiOnt9LCJtb2JpbGUiOnt9fX0=&#8221; mobile_bg_img_hidden=&#8221;no&#8221; tablet_bg_img_hidden=&#8221;no&#8221; woodmart_parallax=&#8221;0&#8243; woodmart_gradient_switch=&#8221;no&#8221; woodmart_box_shadow=&#8221;no&#8221; wd_z_index=&#8221;no&#8221; woodmart_disable_overflow=&#8221;0&#8243; row_reverse_mobile=&#8221;0&#8243; row_reverse_tablet=&#8221;0&#8243;][vc_column]\n\t\t<div id=\"wd-67c953b086778\" class=\"title-wrapper wd-wpb wd-set-mb reset-last-child  wd-rs-67c953b086778 wd-title-color-primary wd-title-style-default text-left  wd-underline-colored\">\n\t\t\t\n\t\t\t<div class=\"liner-continer\">\n\t\t\t\t<h3 class=\"woodmart-title-container title  wd-font-weight- wd-fontsize-xl\" ><u>Step 1:<\/u> Bootcamp for digital innovation and transformation<\/h3>\n\t\t\t\t\t\t\t<\/div>\n\t\t\t\n\t\t\t\n\t\t\t\n\t\t<\/div>\n\t\t\n\t\t\t\t<div id=\"wd-67c953c6eef8e\" class=\"wd-text-block wd-wpb reset-last-child wd-rs-67c953c6eef8e text-left \">\n\t\t\t<p>As an activity during which users improve their understanding of their own position and the possibilities for applying digital technologies, users will work through bootcamps to develop and elaborate the first version of the project idea for digitalization, understanding the current situation, and identifying opportunities and challenges.<\/p>\n<p><b>The ultimate goal of the Bootcamps is to create the prerequisites for forming a project assignment for the Test Before Invest activity.<\/b><\/p>\n<p>Considering the users and objectives, we distinguish between two types of Bootcamp events:<\/p>\n\t\t<\/div>\n\t\t[\/vc_column][vc_column width=&#8221;1\/2&#8243; css=&#8221;.vc_custom_1738144594249{background-color: #FFFFFF !important;border-radius: 10px !important;}&#8221; woodmart_css_id=&#8221;6799fb44521ae&#8221; parallax_scroll=&#8221;no&#8221; woodmart_sticky_column=&#8221;false&#8221; wd_collapsible_content_switcher=&#8221;no&#8221; wd_column_role_offcanvas_desktop=&#8221;no&#8221; wd_column_role_offcanvas_tablet=&#8221;no&#8221; wd_column_role_offcanvas_mobile=&#8221;no&#8221; wd_column_role_content_desktop=&#8221;no&#8221; wd_column_role_content_tablet=&#8221;no&#8221; wd_column_role_content_mobile=&#8221;no&#8221; mobile_bg_img_hidden=&#8221;no&#8221; tablet_bg_img_hidden=&#8221;no&#8221; woodmart_parallax=&#8221;0&#8243; woodmart_box_shadow=&#8221;no&#8221; responsive_spacing=&#8221;eyJwYXJhbV90eXBlIjoid29vZG1hcnRfcmVzcG9uc2l2ZV9zcGFjaW5nIiwic2VsZWN0b3JfaWQiOiI2Nzk5ZmI0NDUyMWFlIiwic2hvcnRjb2RlIjoidmNfY29sdW1uIiwiZGF0YSI6eyJ0YWJsZXQiOnt9LCJtb2JpbGUiOnt9fX0=&#8221; mobile_reset_margin=&#8221;no&#8221; tablet_reset_margin=&#8221;no&#8221; wd_z_index=&#8221;no&#8221;]\t\t<div id=\"wd-67c953e246a90\" class=\"wd-text-block wd-wpb reset-last-child wd-rs-67c953e246a90 text-left vc_custom_1741247470765\">\n\t\t\t<p><strong>Bootcamp for digital transformation<\/strong><\/p>\n<p>it is intended for companies and the public sector with the aim of digitizing business operations, i.e. improving the digitization of business operations. The perspective of digitization in this case is the application of an external solution to one&#8217;s own business.<\/p>\n\t\t<\/div>\n\t\t[\/vc_column][vc_column width=&#8221;1\/2&#8243; css=&#8221;.vc_custom_1738144604916{background-color: #FFFFFF !important;border-radius: 10px !important;}&#8221; woodmart_css_id=&#8221;6799fb547d407&#8243; parallax_scroll=&#8221;no&#8221; woodmart_sticky_column=&#8221;false&#8221; wd_collapsible_content_switcher=&#8221;no&#8221; wd_column_role_offcanvas_desktop=&#8221;no&#8221; wd_column_role_offcanvas_tablet=&#8221;no&#8221; wd_column_role_offcanvas_mobile=&#8221;no&#8221; wd_column_role_content_desktop=&#8221;no&#8221; wd_column_role_content_tablet=&#8221;no&#8221; wd_column_role_content_mobile=&#8221;no&#8221; mobile_bg_img_hidden=&#8221;no&#8221; tablet_bg_img_hidden=&#8221;no&#8221; woodmart_parallax=&#8221;0&#8243; woodmart_box_shadow=&#8221;no&#8221; responsive_spacing=&#8221;eyJwYXJhbV90eXBlIjoid29vZG1hcnRfcmVzcG9uc2l2ZV9zcGFjaW5nIiwic2VsZWN0b3JfaWQiOiI2Nzk5ZmI1NDdkNDA3Iiwic2hvcnRjb2RlIjoidmNfY29sdW1uIiwiZGF0YSI6eyJ0YWJsZXQiOnt9LCJtb2JpbGUiOnt9fX0=&#8221; mobile_reset_margin=&#8221;no&#8221; tablet_reset_margin=&#8221;no&#8221; wd_z_index=&#8221;no&#8221;]\t\t<div id=\"wd-67c953f1149ae\" class=\"wd-text-block wd-wpb reset-last-child wd-rs-67c953f1149ae text-left vc_custom_1741247497025\">\n\t\t\t<p><strong>Bootcamp for digital inovations<\/strong><\/p>\n<p>it is intended for companies capable of developing new digital solutions. In this bootcamp, the goal of providing services is the development of digital products and services, thereby creating innovation and competitive advantage through offering our own solutions for the market.<\/p>\n\t\t<\/div>\n\t\t[\/vc_column][\/vc_row][vc_row][vc_column]\n\t\t<div id=\"wd-67c9541bbfb42\" class=\"title-wrapper wd-wpb wd-set-mb reset-last-child  wd-rs-67c9541bbfb42 wd-title-color-primary wd-title-style-default text-left vc_custom_1741247525921 wd-underline-colored\">\n\t\t\t\n\t\t\t<div class=\"liner-continer\">\n\t\t\t\t<h3 class=\"woodmart-title-container title  wd-font-weight- wd-fontsize-xl\" ><u>Step 2:<\/u> Digital Maturity Assessment (DMA)<\/h3>\n\t\t\t\t\t\t\t<\/div>\n\t\t\t\n\t\t\t\n\t\t\t\n\t\t<\/div>\n\t\t\n\t\t[\/vc_column][vc_column width=&#8221;1\/2&#8243;]\t\t<div id=\"wd-67c95442061c2\" class=\"wd-text-block wd-wpb reset-last-child wd-rs-67c95442061c2 text-left vc_custom_1741247563230\">\n\t\t\t<p>The first step of your journey through digital transformation is to fill in the Questionnaire for assessing the digital maturity of EDIH S4AI_HUB clients, which we will use to measure and recognize the digital maturity of your organization.<\/p>\n<p>The digital maturity assessment service is free for all EDIH S4AI_HUB users, and is also a prerequisite for using EDIH services and is used to determine the potential for digital business transformation and measure progress, evaluate possible investments, and identify changes that will create the greatest benefits for business and competitiveness.<\/p>\n<p>By completing the Digital Maturity Assessment Questionnaire, we gain insight into your organization&#8217;s current position on the digital transformation journey. Based on this, we identify key areas where your organization could benefit from EDIH S4AI_HUB support.<\/p>\n<p>This process helps us to accurately assess what services we can offer your organization, as well as to develop strategies that are fully tailored to your needs and goals. The questionnaire provides data on the status of digitization, the level of technology implementation and the readiness of your employees to work with digital tools, which is the basis for creating an optimal approach.<\/p>\n<p>Based on the results of the assessment, our experts will direct you to specific services that match the current state and priorities of your organization. In addition, we will provide support in identifying new business opportunities, internationalizing business and strengthening cooperation through networking and active involvement in innovation ecosystems.<\/p>\n\t\t<\/div>\n\t\t[\/vc_column][vc_column width=&#8221;1\/2&#8243;]\t\t<div id=\"wd-67c9544da19f9\" class=\"wd-text-block wd-wpb reset-last-child wd-rs-67c9544da19f9 text-left vc_custom_1741247585353\">\n\t\t\t<p>To measure success and track your progress, the process includes additional assessments \u2013 one year after the end of the service and two years after that. This approach enables continuous evaluation of your progress on the digital transformation journey.<\/p>\n<p>The key focus is on the discovery of innovative priorities, the motivation of the company and the assessment of the readiness of its management, human resources, organizational structure, as well as the maturity of processes and applied technologies. The evaluation process consists of two integral phases: the evaluation phase and the design phase. During the evaluation phase, we gather comprehensive information, assess motivations and priorities, assess the level of digitization of processes, identify areas with potential for improvement and accurately map the technological landscape in those identified areas. In the next design phase, we consolidate the results, create benchmarking and formulate a road map for raising the level of digital maturity.<\/p>\n<p>These results are then presented to the company for feedback and approval, which begins the implementation phase of the proposed measures. The resulting feasibility study includes the findings, proposed solutions and contextualizes them in the broader operational framework of the company. Our recommendations are tailored to raise the digital level of the company, improve competitiveness and strengthen resilience in the dynamic conditions of the global market. Our goal goes beyond simply identifying areas for digital improvement; our goal is to specify those areas in which the company can achieve &#8220;the greatest increase in competitiveness through the smallest possible financial and time investments.&#8221;<\/p>\n<p>Furthermore, S4AI_HUB will include a Digital Maturity Assessment (DMA) to measure the current level of digitization within the organization (SME or public sector organization beneficiaries of the project) and provide a structured path towards digital transformation and maturity.<\/p>\n\t\t<\/div>\n\t\t[\/vc_column][\/vc_row][vc_row woodmart_stretch_content=&#8221;section-stretch&#8221; css=&#8221;.vc_custom_1738144950845{background-color: #F8F8F8 !important;}&#8221; woodmart_css_id=&#8221;6799fcab7e4f4&#8243; responsive_spacing=&#8221;eyJwYXJhbV90eXBlIjoid29vZG1hcnRfcmVzcG9uc2l2ZV9zcGFjaW5nIiwic2VsZWN0b3JfaWQiOiI2Nzk5ZmNhYjdlNGY0Iiwic2hvcnRjb2RlIjoidmNfcm93IiwiZGF0YSI6eyJ0YWJsZXQiOnt9LCJtb2JpbGUiOnt9fX0=&#8221; mobile_bg_img_hidden=&#8221;no&#8221; tablet_bg_img_hidden=&#8221;no&#8221; woodmart_parallax=&#8221;0&#8243; woodmart_gradient_switch=&#8221;no&#8221; woodmart_box_shadow=&#8221;no&#8221; wd_z_index=&#8221;no&#8221; woodmart_disable_overflow=&#8221;0&#8243; row_reverse_mobile=&#8221;0&#8243; row_reverse_tablet=&#8221;0&#8243;][vc_column]\n\t\t<div id=\"wd-67c95465293fa\" class=\"title-wrapper wd-wpb wd-set-mb reset-last-child  wd-rs-67c95465293fa wd-title-color-primary wd-title-style-default text-left  wd-underline-colored\">\n\t\t\t\n\t\t\t<div class=\"liner-continer\">\n\t\t\t\t<h3 class=\"woodmart-title-container title  wd-font-weight- wd-fontsize-xl\" ><u>Step 3:<\/u> Digital Transformation Strategy<\/h3>\n\t\t\t\t\t\t\t<\/div>\n\t\t\t\n\t\t\t\n\t\t\t\n\t\t<\/div>\n\t\t\n\t\t\t\t<div id=\"wd-67ab0854839f9\" class=\"wd-text-block wd-wpb reset-last-child wd-rs-67ab0854839f9 text-left vc_custom_1739262052847\">\n\t\t\t<p>Uz pomo\u0107 konsultanata za digitalnu transformaciju, korisnik usluge defini\u0161e sopstvene snage i slabosti u kontekstu digitalne ekonomije. Kroz ekspertsku analizu, kompanija istra\u017euje mogu\u0107nosti za svoju poslovnu organizaciju kroz analizu tehnolo\u0161kih trendova i odabir klju\u010dnih oblasti delovanja za po\u010detak digitalne transformacije svog poslovanja. Ekspertska analiza \u0107e se zajedni\u010dki razvijati tokom jednodnevne radionice koju \u0107e moderirati dodeljeni konsultant.<\/p>\n<p>Korisnici koji su dobili stru\u010dnu analizu imaju mogu\u0107nost da dobiju konsultacije za izradu Strategije na osnovu stru\u010dne analize. Nakon ura\u0111ene stru\u010dne analize, Komisija S4AI_HUB (imenovano telo formirano od delegiranih \u010dlanova konzorcijuma) ima diskreciono pravo da malim i srednjim preduze\u0107ima ne odobri prelazak na slede\u0107u fazu konsaltinga \u2013 izradu strategije.<\/p>\n<p>Ekspertska analiza uklju\u010duje potpuno subvencionisane konsultacije u trajanju od 2 dana od strane dodeljenog konsultanta. Nakon zavr\u0161ene Stru\u010dne analize faze preduze\u0107a, uslov je da korisnik zavr\u0161i najmanje 3 modula jednog od 5 obrazovnih programa S4AI_HUB.<\/p>\n\t\t<\/div>\n\t\t[\/vc_column][\/vc_row][vc_row equal_height=&#8221;yes&#8221; content_placement=&#8221;middle&#8221; css=&#8221;.vc_custom_1738145592632{margin-bottom: 20px !important;}&#8221; woodmart_css_id=&#8221;6799ff30d28ff&#8221; responsive_spacing=&#8221;eyJwYXJhbV90eXBlIjoid29vZG1hcnRfcmVzcG9uc2l2ZV9zcGFjaW5nIiwic2VsZWN0b3JfaWQiOiI2Nzk5ZmYzMGQyOGZmIiwic2hvcnRjb2RlIjoidmNfcm93IiwiZGF0YSI6eyJ0YWJsZXQiOnt9LCJtb2JpbGUiOnt9fX0=&#8221; mobile_bg_img_hidden=&#8221;no&#8221; tablet_bg_img_hidden=&#8221;no&#8221; woodmart_parallax=&#8221;0&#8243; woodmart_gradient_switch=&#8221;no&#8221; woodmart_box_shadow=&#8221;no&#8221; wd_z_index=&#8221;no&#8221; woodmart_disable_overflow=&#8221;0&#8243; row_reverse_mobile=&#8221;0&#8243; row_reverse_tablet=&#8221;0&#8243;][vc_column]\n\t\t<div id=\"wd-67c9549f9c4b1\" class=\"title-wrapper wd-wpb wd-set-mb reset-last-child  wd-rs-67c9549f9c4b1 wd-title-color-primary wd-title-style-simple text-center  wd-underline-colored\">\n\t\t\t\n\t\t\t<div class=\"liner-continer\">\n\t\t\t\t<h2 class=\"woodmart-title-container title  wd-font-weight- wd-fontsize-xxl\" >What does your organization gain?<\/h2>\n\t\t\t\t\t\t\t<\/div>\n\t\t\t\n\t\t\t\n\t\t\t\n\t\t<\/div>\n\t\t\n\t\t[\/vc_column][vc_column width=&#8221;2\/3&#8243; css=&#8221;.vc_custom_1738145655700{background-color: #F8F8F8 !important;border-radius: 10px !important;}&#8221; woodmart_css_id=&#8221;6799ff6b67024&#8243; parallax_scroll=&#8221;no&#8221; woodmart_sticky_column=&#8221;false&#8221; wd_collapsible_content_switcher=&#8221;no&#8221; wd_column_role_offcanvas_desktop=&#8221;no&#8221; wd_column_role_offcanvas_tablet=&#8221;no&#8221; wd_column_role_offcanvas_mobile=&#8221;no&#8221; wd_column_role_content_desktop=&#8221;no&#8221; wd_column_role_content_tablet=&#8221;no&#8221; wd_column_role_content_mobile=&#8221;no&#8221; mobile_bg_img_hidden=&#8221;no&#8221; tablet_bg_img_hidden=&#8221;no&#8221; woodmart_parallax=&#8221;0&#8243; woodmart_box_shadow=&#8221;no&#8221; responsive_spacing=&#8221;eyJwYXJhbV90eXBlIjoid29vZG1hcnRfcmVzcG9uc2l2ZV9zcGFjaW5nIiwic2VsZWN0b3JfaWQiOiI2Nzk5ZmY2YjY3MDI0Iiwic2hvcnRjb2RlIjoidmNfY29sdW1uIiwiZGF0YSI6eyJ0YWJsZXQiOnt9LCJtb2JpbGUiOnt9fX0=&#8221; mobile_reset_margin=&#8221;no&#8221; tablet_reset_margin=&#8221;no&#8221; wd_z_index=&#8221;no&#8221;]\t\t<div id=\"wd-67c954a64d5b1\" class=\"wd-text-block wd-wpb reset-last-child wd-rs-67c954a64d5b1 text-left vc_custom_1741247663431\">\n\t\t\t<p>You will receive a digital maturity card document that will allow you to understand how you compare with similar companies in Serbia and Europe.<\/p>\n<p>You will receive a road map for the transition of artificial intelligence or another advanced technical solution for your organization. The report will identify other S4AI_HUB program services relevant to your company\/public administration (business consulting, marketing, securing financing, etc.)<\/p>\n<p>DMA is mandatory before engagement with S4AI_HUB EDIH service Testing before investment. It is also mandatory after using our services to evaluate the increase in digital maturity.<\/p>\n\t\t<\/div>\n\t\t[\/vc_column][vc_column width=&#8221;1\/3&#8243; woodmart_css_id=&#8221;6799ff7983a91&#8243; parallax_scroll=&#8221;no&#8221; woodmart_sticky_column=&#8221;false&#8221; wd_collapsible_content_switcher=&#8221;no&#8221; wd_column_role_offcanvas_desktop=&#8221;no&#8221; wd_column_role_offcanvas_tablet=&#8221;no&#8221; wd_column_role_offcanvas_mobile=&#8221;no&#8221; wd_column_role_content_desktop=&#8221;no&#8221; wd_column_role_content_tablet=&#8221;no&#8221; wd_column_role_content_mobile=&#8221;no&#8221; mobile_bg_img_hidden=&#8221;no&#8221; tablet_bg_img_hidden=&#8221;no&#8221; woodmart_parallax=&#8221;0&#8243; woodmart_box_shadow=&#8221;no&#8221; responsive_spacing=&#8221;eyJwYXJhbV90eXBlIjoid29vZG1hcnRfcmVzcG9uc2l2ZV9zcGFjaW5nIiwic2VsZWN0b3JfaWQiOiI2Nzk5ZmY3OTgzYTkxIiwic2hvcnRjb2RlIjoidmNfY29sdW1uIiwiZGF0YSI6eyJ0YWJsZXQiOnt9LCJtb2JpbGUiOnt9fX0=&#8221; mobile_reset_margin=&#8221;no&#8221; tablet_reset_margin=&#8221;no&#8221; wd_z_index=&#8221;no&#8221;]<div id=\"wd-67c955d9476d7\" class=\" wd-rs-67c955d9476d7  wd-button-wrapper text-center\"><a href=\"https:\/\/s4ai.rs\/en\/public-call\/\" title=\"\" class=\"btn btn-color-primary btn-style-default btn-shape-round btn-size-extra-large btn-full-width\">REGISTER<\/a><\/div>[\/vc_column][\/vc_row]<\/p>\n<\/div>","protected":false},"excerpt":{"rendered":"<p>[vc_row gap=&#8221;20&#8243; content_placement=&#8221;middle&#8221; css=&#8221;.vc_custom_1738224607027{margin-bottom: 40px !important;}&#8221; woodmart_css_id=&#8221;679b33daa82fc&#8221; responsive_spacing=&#8221;eyJwYXJhbV90eXBlIjoid29vZG1hcnRfcmVzcG9uc2l2ZV9zcGFjaW5nIiwic2VsZWN0b3JfaWQiOiI2NzliMzNkYWE4MmZjIiwic2hvcnRjb2RlIjoidmNfcm93IiwiZGF0YSI6eyJ0YWJsZXQiOnt9LCJtb2JpbGUiOnt9fX0=&#8221; mobile_bg_img_hidden=&#8221;no&#8221; tablet_bg_img_hidden=&#8221;no&#8221; woodmart_parallax=&#8221;0&#8243; woodmart_gradient_switch=&#8221;no&#8221; woodmart_box_shadow=&#8221;no&#8221; wd_z_index=&#8221;no&#8221; woodmart_disable_overflow=&#8221;0&#8243; row_reverse_mobile=&#8221;0&#8243; row_reverse_tablet=&#8221;0&#8243;][vc_column width=&#8221;1\/3&#8243; css=&#8221;.vc_custom_1738132095828{padding-bottom: 20px<\/p>\n","protected":false},"author":5,"featured_media":0,"parent":9828,"menu_order":0,"comment_status":"closed","ping_status":"closed","template":"","meta":{"footnotes":""},"class_list":["post-9834","page","type-page","status-publish","hentry"],"_links":{"self":[{"href":"https:\/\/s4ai.rs\/en\/wp-json\/wp\/v2\/pages\/9834","targetHints":{"allow":["GET"]}}],"collection":[{"href":"https:\/\/s4ai.rs\/en\/wp-json\/wp\/v2\/pages"}],"about":[{"href":"https:\/\/s4ai.rs\/en\/wp-json\/wp\/v2\/types\/page"}],"author":[{"embeddable":true,"href":"https:\/\/s4ai.rs\/en\/wp-json\/wp\/v2\/users\/5"}],"replies":[{"embeddable":true,"href":"https:\/\/s4ai.rs\/en\/wp-json\/wp\/v2\/comments?post=9834"}],"version-history":[{"count":3,"href":"https:\/\/s4ai.rs\/en\/wp-json\/wp\/v2\/pages\/9834\/revisions"}],"predecessor-version":[{"id":9844,"href":"https:\/\/s4ai.rs\/en\/wp-json\/wp\/v2\/pages\/9834\/revisions\/9844"}],"up":[{"embeddable":true,"href":"https:\/\/s4ai.rs\/en\/wp-json\/wp\/v2\/pages\/9828"}],"wp:attachment":[{"href":"https:\/\/s4ai.rs\/en\/wp-json\/wp\/v2\/media?parent=9834"}],"curies":[{"name":"wp","href":"https:\/\/api.w.org\/{rel}","templated":true}]}}